{"id":10976,"date":"2019-10-31T11:39:50","date_gmt":"2019-10-31T08:39:50","guid":{"rendered":"https:\/\/www.oet-turkey.com\/oet-hakkinda-clone\/"},"modified":"2025-07-30T17:43:57","modified_gmt":"2025-07-30T14:43:57","slug":"oet-hangi-ulkelerde-gecerli","status":"publish","type":"page","link":"https:\/\/studyinuk-turkey.com\/oet-turkey\/oet-hangi-ulkelerde-gecerli\/","title":{"rendered":"OET Hangi \u00dclkelerde Ge\u00e7erli"},"content":{"rendered":"<div class=\"wpb-content-wrapper\"><p>[vc_row][vc_column][vc_column_text]<strong><span style=\"color: #000000;\">ARTIK AMER\u0130KA&#8217;DA DA GE\u00c7ERL\u0130<\/span><\/strong><\/p>\n<p><span style=\"color: #000000;\">OET, \u0130ngiltere, Amerika, \u0130rlanda, Avustralya, Yeni Zelanda, Dubai, Namibya ve Singapur, Kanada, \u0130spanya, Maldivler, Malta, Ukrayna, Birle\u015fik Arap Emirlikleri, <\/span><span style=\"color: #000000;\">Filipinler ve Katar\u2019da \u0130ngilizce yeterlili\u011finin kan\u0131t\u0131 olarak kabul edilen ve tercih edilen bir s\u0131nav sistemidir. Bu \u00fclkelerdeki sa\u011fl\u0131k kurullar\u0131 ve konseyleri taraf\u0131ndan tan\u0131nmakta ve g\u00fcvenilmektedir.<\/span><\/p>\n<p><strong><span style=\"color: #000000;\">INGILTERE<\/span><\/strong><\/p>\n<ul>\n<li><a href=\"https:\/\/www.gmc-uk.org\/doctors\/registration_applications\/routeF.asp\">General Medical Council<\/a><\/li>\n<li><a href=\"https:\/\/www.kcl.ac.uk\/study\/undergraduate\/apply\/entry-requirements\/english-language\">King\u2019s College London<\/a><\/li>\n<li><a href=\"https:\/\/www.nmc.org.uk\/registration\/joining-the-register\/\">Nursing and Midwifery Council<\/a><\/li>\n<li><a href=\"http:\/\/www.rcem.ac.uk\/\">Royal College of Emergency Medicine<\/a><\/li>\n<li><a href=\"https:\/\/www.rcophth.ac.uk\/\">Royal College of Opthalmologists<\/a><\/li>\n<li><a href=\"http:\/\/www.rcpe.ac.uk\/\">Royal College of Physicians of Edinburgh<\/a><\/li>\n<li><a href=\"https:\/\/www.rcsed.ac.uk\/\">Royal College of Surgeons of Edinburgh<\/a><\/li>\n<li><a href=\"https:\/\/www.rcvs.org.uk\/home\/\">Royal College of Veterinary Surgeons<\/a><\/li>\n<li><a href=\"https:\/\/www.uhi.ac.uk\/en\/studying-at-uhi\/international\/how-to-apply-to-uhi\/english-language-requirements\/\">University of Highlands and Islan<\/a>ds<\/li>\n<\/ul>\n<p>&nbsp;<\/p>\n<p><strong>AMER\u0130KA<\/strong><\/p>\n<div id=\"fws_618ce1e925716\" class=\"wpb_row vc_row-fluid vc_row inner_row \" data-midnight=\"\" data-column-margin=\"default\">\n<div class=\"row_col_wrap_12_inner col span_12 left\">\n<div class=\"vc_col-sm-12 wpb_column column_container vc_column_container col child_column no-extra-padding inherit_tablet inherit_phone \" data-padding-pos=\"all\" data-has-bg-color=\"false\" data-bg-color=\"\" data-bg-opacity=\"1\" data-animation=\"\" data-delay=\"0\">\n<div class=\"vc_column-inner\">\n<div class=\"wpb_wrapper\">\n<div class=\"wpb_text_column wpb_content_element \">\n<div class=\"wpb_wrapper\">\n<h4>Healthcare Boards &amp; Councils<\/h4>\n<\/div>\n<\/div>\n<\/div>\n<\/div>\n<\/div>\n<\/div>\n<\/div>\n<div id=\"fws_618ce1e9258ce\" class=\"wpb_row vc_row-fluid vc_row inner_row \" data-midnight=\"\" data-column-margin=\"default\">\n<div class=\"row_col_wrap_12_inner col span_12 left\">\n<div class=\"vc_col-sm-6 wpb_column column_container vc_column_container col child_column no-extra-padding inherit_tablet inherit_phone \" data-padding-pos=\"all\" data-has-bg-color=\"false\" data-bg-color=\"\" data-bg-opacity=\"1\" data-animation=\"\" data-delay=\"0\">\n<div class=\"vc_column-inner\">\n<div class=\"wpb_wrapper\">\n<div class=\"wpb_text_column wpb_content_element \">\n<div class=\"wpb_wrapper\">\n<ul>\n<li><a href=\"https:\/\/www.ecfmg.org\/\" target=\"_blank\" rel=\"noopener noreferrer\">Educational Commission for Foreign Medical\u00a0Graduates|Foundation\u00a0for Advancement of International Medical Education and Research (ECFMG\u00ae|FAIMER\u00ae)<\/a>\u00a0\u2013 all test types<\/li>\n<li><a href=\"https:\/\/floridasnursing.gov\/\" target=\"_blank\" rel=\"noopener noreferrer\">Florida Board of Nursing<\/a>\u00a0\u2013 OET on paper and OET on computer at a test venue<\/li>\n<li><a href=\"https:\/\/www.oregon.gov\/osbn\/Pages\/index.aspx\" target=\"_blank\" rel=\"noopener noreferrer\">Oregon State Board of Nursing<\/a>\u00a0\u2013 OET on paper and OET on computer at a test venue<\/li>\n<li><a href=\"https:\/\/www.doh.wa.gov\/LicensesPermitsandCertificates\/NursingCommission\" target=\"_blank\" rel=\"noopener noreferrer\">Washington State Nursing Care Quality Assurance Commission<\/a>\u00a0\u2013 all test types<\/li>\n<\/ul>\n<\/div>\n<\/div>\n<\/div>\n<\/div>\n<\/div>\n<\/div>\n<\/div>\n<p>&nbsp;<\/p>\n<p><strong><span style=\"color: #000000;\">AVUSTRALYA<\/span><\/strong><\/p>\n<ul>\n<li><strong>Department of Home Affairs <\/strong><\/li>\n<li><u><a href=\"http:\/\/www.chinesemedicineboard.gov.au\/\">Chinese Medicine Board of Australia<\/a><\/u><\/li>\n<li><u><a href=\"http:\/\/www.dentalboard.gov.au\/\">Dental Board of Australia<\/a><\/u><\/li>\n<li><u><a href=\"http:\/\/www.medicalboard.gov.au\/\">Medical Board of Australia<\/a><\/u><\/li>\n<li><u><a href=\"http:\/\/www.medicalradiationpracticeboard.gov.au\/\">Medical Radiation Practice Board of Australia<\/a><\/u><\/li>\n<li><u><a href=\"http:\/\/www.nursingmidwiferyboard.gov.au\/\">Nursing and Midwifery Board of Australia<\/a><\/u><\/li>\n<li><u><a href=\"https:\/\/www.ahpra.gov.au\/occupational-therapy\">Occupational Therapy Board of Australia<\/a><\/u><\/li>\n<li><u><a href=\"http:\/\/www.optometryboard.gov.au\/\">Optometry Board of Australia<\/a><\/u><\/li>\n<li><u><a href=\"http:\/\/www.paramedicineboard.gov.au\/\">Paramedicine Board of Australia<\/a><\/u><\/li>\n<li><u><a href=\"http:\/\/www.pharmacyboard.gov.au\/\">Pharmacy Board of Australia<\/a><\/u><\/li>\n<li><u><a href=\"http:\/\/www.physiotherapyboard.gov.au\/\">Physiotherapy Board of Australia<\/a><\/u><\/li>\n<li><u><a href=\"http:\/\/www.podiatryboard.gov.au\/\">Podiatry Board of Australia<\/a><\/u><\/li>\n<\/ul>\n<p>&nbsp;<\/p>\n<p><span style=\"color: #000000;\">\u00dcniversiteler;<\/span><\/p>\n<ul>\n<li><a href=\"https:\/\/www.alacchealth.edu.au\/\">ALACC Health College, Australia<\/a><\/li>\n<li><a href=\"http:\/\/www.acu.edu.au\/\">Australian Catholic University<\/a><\/li>\n<li><a href=\"http:\/\/www.acn.edu.au\/\">Australian College of Nursing<\/a><\/li>\n<li><a href=\"https:\/\/www.boxhill.edu.au\/\">Box Hill Institute<\/a><\/li>\n<li><a href=\"http:\/\/www.chisholm.edu.au\/\">Chisholm Institute<\/a><\/li>\n<li><a href=\"http:\/\/www.curtin.edu.au\/\">Curtin University<\/a><\/li>\n<li><a href=\"http:\/\/www.cqu.edu.au\/\">CQ University<\/a><\/li>\n<li><a href=\"http:\/\/www.deakin.edu.au\/\">Deakin University<\/a><\/li>\n<li><a href=\"https:\/\/www.ecu.edu.au\/\">Edith Cowan University<\/a><\/li>\n<li><a href=\"https:\/\/www.flinders.edu.au\/\">Flinders University<\/a><\/li>\n<li><a href=\"https:\/\/www.thegordon.edu.au\/\">Gordon Institute of TAFE<\/a><\/li>\n<li><a href=\"https:\/\/holmesglen.edu.au\/\">Homesglen Institute<\/a><\/li>\n<li><a href=\"http:\/\/www.jcu.edu.au\/\">James Cook University<\/a><\/li>\n<li><a href=\"http:\/\/lawsoncollege.edu.au\/\">Lawson College Australia<\/a><\/li>\n<li><a href=\"http:\/\/www.lonsdaleinstitute.vic.edu.au\/\">Lonsdale Institute<\/a><\/li>\n<li><a href=\"http:\/\/www.mq.edu.au\/\">Macquarie University<\/a><\/li>\n<li><a href=\"http:\/\/www.murdoch.edu.au\/\">Murdoch University<\/a><\/li>\n<li><a href=\"http:\/\/www.pibt.wa.edu.au\/\">Perth Institute of Business and Technology<\/a><\/li>\n<li><a href=\"https:\/\/www.rhodescollege.vic.edu.au\/\">Rhodes College<\/a><\/li>\n<li><a href=\"http:\/\/www.scu.edu.au\/\">Southern Cross University<\/a><\/li>\n<li><a href=\"https:\/\/www.tafeinternational.wa.edu.au\/\">TAFE International WA<\/a><\/li>\n<li><a href=\"https:\/\/www.tafensw.edu.au\/\">TAFE NSW<\/a><\/li>\n<li><a href=\"http:\/\/tafeqld.edu.au\/\">TAFE Queensland<\/a><\/li>\n<li><a href=\"http:\/\/www.tafesa.edu.au\/\">TAFE SA<\/a><\/li>\n<li><a href=\"http:\/\/www.canberra.edu.au\/\">University of Canberra<\/a><\/li>\n<li><a href=\"https:\/\/www.uowcollege.edu.au\/index.html\">UOW College Australia<\/a><\/li>\n<li><a href=\"http:\/\/www.newcastle.edu.au\/\">University of Newcastle<\/a><\/li>\n<li><a href=\"http:\/\/www.nd.edu.au\/\">University of Notre Dame Australia<\/a><\/li>\n<li><a href=\"http:\/\/www.unisa.edu.au\/\">University of South Australia<\/a><\/li>\n<li><a href=\"http:\/\/www.utas.edu.au\/\">University of Tasmania<\/a><\/li>\n<li><a href=\"http:\/\/www.usc.edu.au\/\">University of the Sunshine Coast<\/a><\/li>\n<li><a href=\"https:\/\/www.uow.edu.au\/index.html\">University of Wollongong<\/a><\/li>\n<li><a href=\"https:\/\/www.westernsydney.edu.au\/\">Western Sydney University<\/a><\/li>\n<\/ul>\n<p>&nbsp;<\/p>\n<p><strong><span style=\"color: #000000;\">\u0130RLANDA<\/span><\/strong><\/p>\n<ul>\n<li><u><a href=\"https:\/\/www.medicalcouncil.ie\/Registration-Applications\/First-Time-Applicants\/English-Language.html\">Medical Council<\/a><\/u><\/li>\n<li><u><a href=\"https:\/\/www.nmbi.ie\/Home\">Nursing and Midwifery Board of Ireland<\/a><\/u><\/li>\n<li><u><a href=\"http:\/\/www.dentalcouncil.ie\/\">Dental Council of Ireland<\/a><\/u><\/li>\n<li><u><a href=\"https:\/\/www.thepsi.ie\/gns\/home.aspx\">The Pharmaceutical Society of Ireland<\/a><\/u><\/li>\n<\/ul>\n<p>&nbsp;<\/p>\n<p><strong>KANADA<\/strong><\/p>\n<div id=\"fws_618ce1e919853\" class=\"wpb_row vc_row-fluid vc_row inner_row \" data-midnight=\"\" data-column-margin=\"default\">\n<div class=\"row_col_wrap_12_inner col span_12 left\">\n<div class=\"vc_col-sm-12 wpb_column column_container vc_column_container col child_column no-extra-padding inherit_tablet inherit_phone \" data-padding-pos=\"all\" data-has-bg-color=\"false\" data-bg-color=\"\" data-bg-opacity=\"1\" data-animation=\"\" data-delay=\"0\">\n<div class=\"vc_column-inner\">\n<div class=\"wpb_wrapper\">\n<div class=\"wpb_text_column wpb_content_element \">\n<div class=\"wpb_wrapper\">\n<h4>Healthcare Boards &amp; Colleges<\/h4>\n<\/div>\n<\/div>\n<\/div>\n<\/div>\n<\/div>\n<\/div>\n<\/div>\n<div id=\"fws_618ce1e919a10\" class=\"wpb_row vc_row-fluid vc_row inner_row \" data-midnight=\"\" data-column-margin=\"default\">\n<div class=\"row_col_wrap_12_inner col span_12 left\">\n<div class=\"vc_col-sm-6 wpb_column column_container vc_column_container col child_column no-extra-padding inherit_tablet inherit_phone \" data-padding-pos=\"all\" data-has-bg-color=\"false\" data-bg-color=\"\" data-bg-opacity=\"1\" data-animation=\"\" data-delay=\"0\">\n<div class=\"vc_column-inner\">\n<div class=\"wpb_wrapper\">\n<div class=\"wpb_text_column wpb_content_element \">\n<div class=\"wpb_wrapper\">\n<ul>\n<li><a href=\"https:\/\/cpsa.ca\/\">College of Physicians and Surgeons of Alberta<\/a>\u00a0\u2013 all test types<\/li>\n<li><a href=\"https:\/\/www.cpsbc.ca\/\">College of Physicians and Surgeons of British Columbia<\/a>\u00a0\u2013 all test types<\/li>\n<li><a href=\"http:\/\/www.cpsm.mb.ca\/\">College of Physicians and Surgeons of Manitoba<\/a>\u00a0\u2013 all test types<\/li>\n<li><a href=\"http:\/\/www.cpsnl.ca\/\">College of Physicians and Surgeons of Newfoundland and Labrador<\/a>\u00a0\u2013 OET on paper and OET on computer at test venues<\/li>\n<li><a href=\"https:\/\/www.cps.sk.ca\/\">College of Physicians and Surgeons of Saskatchewan\u00a0<\/a>\u2013 OET on paper and OET on computer at test venues<\/li>\n<\/ul>\n<\/div>\n<\/div>\n<\/div>\n<\/div>\n<\/div>\n<div class=\"vc_col-sm-6 wpb_column column_container vc_column_container col child_column no-extra-padding inherit_tablet inherit_phone \" data-padding-pos=\"all\" data-has-bg-color=\"false\" data-bg-color=\"\" data-bg-opacity=\"1\" data-animation=\"\" data-delay=\"0\">\n<div class=\"vc_column-inner\">\n<div class=\"wpb_wrapper\">\n<div class=\"wpb_text_column wpb_content_element \">\n<div class=\"wpb_wrapper\">\n<ul>\n<li><a href=\"https:\/\/fmrac.ca\/\" target=\"_blank\" rel=\"noopener noreferrer\">Federation of Medical Regulatory Authorities of Canada (FMRAC)<\/a><\/li>\n<li><a href=\"https:\/\/www.prabc.ca\/\">Practice Ready Assessment \u2013 British Columbia<\/a>\u00a0\u2013 all test types<\/li>\n<\/ul>\n<\/div>\n<\/div>\n<\/div>\n<\/div>\n<\/div>\n<\/div>\n<\/div>\n<p>&nbsp;<\/p>\n<p><strong><span style=\"color: #000000;\">DUBA\u0130<\/span><\/strong><\/p>\n<ul>\n<li><a href=\"http:\/\/www.dhcr.gov.ae\/en\/#homeAnchor\">Dubai Healthcare City Authority (DHCA)<\/a><\/li>\n<li><a href=\"https:\/\/www.khda.gov.ae\/en\/Website\">Dubai Knowledge and Human Development Authority (KHDA)<\/a><\/li>\n<\/ul>\n<p>&nbsp;<\/p>\n<p><strong><span style=\"color: #000000;\">NAM\u0130BYA<\/span><\/strong><\/p>\n<ul>\n<li><a href=\"http:\/\/www.hpcna.com\/\">Health Professions Councils of Namibia<\/a><\/li>\n<\/ul>\n<p>&nbsp;<\/p>\n<p><strong><span style=\"color: #000000;\">YEN\u0130 ZELANDA<\/span><\/strong><\/p>\n<ul>\n<li><a href=\"http:\/\/www.dentalcouncil.org.nz\/\">Dental Council of New Zealand<\/a><\/li>\n<li><a href=\"http:\/\/www.dietitiansboard.org.nz\/\">Dietitians Board of New Zealand<\/a><\/li>\n<li><a href=\"http:\/\/www.mcnz.org.nz\/\">Medical Council of New Zealand<\/a><\/li>\n<li><a href=\"http:\/\/www.midwiferycouncil.health.nz\/\">Midwifery Council of New Zealand<\/a><\/li>\n<li><a href=\"http:\/\/www.nzqa.govt.nz\/\">New Zealand Qualifications Authority (NZQA)<\/a><\/li>\n<li><a href=\"http:\/\/nursingcouncil.org.nz\/\">Nursing Council of New Zealand<\/a><\/li>\n<li><a href=\"https:\/\/www.otboard.org.nz\/\">Occupational Therapy Board of New Zealand<\/a><\/li>\n<li><a href=\"http:\/\/otcouncil.com.au\/\">Occupational Therapy Council (Australia and NZ)<\/a><\/li>\n<li><a href=\"https:\/\/www.odob.health.nz\/\">Optometrists and Dispensing Opticians Board of New Zealand<\/a><\/li>\n<li><a href=\"http:\/\/www.pharmacycouncil.org.nz\/\">Pharmacy Council of New Zealand<\/a><\/li>\n<li><a href=\"http:\/\/www.physioboard.org.nz\/\">Physiotherapy Board of New Zealand<\/a><\/li>\n<li><a href=\"http:\/\/www.podiatristsboard.org.nz\/\">Podiatrists Board of New Zealand<\/a><\/li>\n<li><a href=\"http:\/\/www.vetcouncil.org.nz\/\">Veterinary Council of New Zealand<\/a><\/li>\n<\/ul>\n<p>&nbsp;<\/p>\n<p><span style=\"color: #000000;\">\u00dcniversiteler;<\/span><\/p>\n<ul>\n<li><a href=\"http:\/\/www.agi.ac.nz\/site\/about-us\/\">AGI Education Ltd<\/a><\/li>\n<li><a href=\"http:\/\/www.ara.ac.nz\/__data\/assets\/pdf_file\/0006\/189879\/03370-English-Language-proficiency-outcomes.pdf\">Ara Institute\u00a0of Canterbury<\/a><\/li>\n<li><a href=\"http:\/\/www.edenz.ac.nz\/\">EDENZ College<\/a><\/li>\n<li><a href=\"https:\/\/www.nmit.ac.nz\/\">Nelson Marlborough Institute of Technology<\/a><\/li>\n<li><a href=\"https:\/\/www.northtec.ac.nz\/\">NorthTec<\/a><\/li>\n<li><a href=\"http:\/\/www.op.ac.nz\/?gclid=COLrnbj36s4CFVQDvAodY2oHiA\">Otago Polytechnic<\/a><\/li>\n<li><a href=\"https:\/\/www.sit.ac.nz\/\">Southern Institute of Technology<\/a><\/li>\n<li><a href=\"https:\/\/www.unitec.ac.nz\/\">Unitec Institute of Technology<\/a><\/li>\n<li><a href=\"https:\/\/www.auckland.ac.nz\/en.html\">University of Auckland<\/a><\/li>\n<li><a href=\"https:\/\/www.ucol.ac.nz\/\">Universal College of Learning<\/a><\/li>\n<li><a href=\"https:\/\/www.otago.ac.nz\/uolcfy\/index.html\">University of Otago Language Centre<\/a><\/li>\n<li><a href=\"https:\/\/www.wintec.ac.nz\/\">WINTEC<\/a><\/li>\n<li><a href=\"https:\/\/www.whitireia.ac.nz\/\">Whitireia New Zealand<\/a><\/li>\n<\/ul>\n<p>&nbsp;<\/p>\n<p><strong><span style=\"color: #000000;\">S\u0130NGAPUR<\/span><\/strong><\/p>\n<ul>\n<li><a href=\"http:\/\/www.healthprofessionals.gov.sg\/content\/hprof\/sdc\/en.html\">Singapore Dental Council<\/a><\/li>\n<li><a href=\"http:\/\/www.smc.gov.sg\/\">Singapore Medical Council<\/a><\/li>\n<li><a href=\"http:\/\/www.healthprofessionals.gov.sg\/content\/hprof\/spc\/en.html\">Singapore Pharmacy Council<\/a><\/li>\n<\/ul>\n<p>&nbsp;<\/p>\n<ul>\n<li><a href=\"http:\/\/www.healthprofessionals.gov.sg\/ahpc\">Allied Health Professions Council\u00a0(AHPC)<\/a><\/li>\n<li><a href=\"http:\/\/www.healthprofessionals.gov.sg\/ahpc\/about-the-professions\/occupational-therapy\">AHPC \u2013 Occupational Therapy<\/a><\/li>\n<li><a href=\"http:\/\/www.healthprofessionals.gov.sg\/ahpc\/about-the-professions\/physiotherapy\">AHPC \u2013 Physiotherapy<\/a><\/li>\n<li><a href=\"http:\/\/www.healthprofessionals.gov.sg\/ahpc\/about-the-professions\/speech-language-therapy\">AHPC \u2013 Speech-language Therapy<\/a><\/li>\n<li>AHPC \u2013\u00a0<a href=\"http:\/\/www.healthprofessionals.gov.sg\/ahpc\/about-the-professions\/diagnostic-radiography\">Diagnostic Radiography<\/a>and\u00a0<a href=\"http:\/\/www.healthprofessionals.gov.sg\/ahpc\/about-the-professions\/radiation-therapy\">Radiation Therapy<\/a><\/li>\n<\/ul>\n<p>&nbsp;<\/p>\n<p><strong><span style=\"color: #000000;\">UKRAYNA<\/span><\/strong><\/p>\n<ul>\n<li><a href=\"http:\/\/nursingmidwiferycouncilukraine.org\/en\/\">Ukrainian Council of Nursing and Midwifery<\/a><\/li>\n<li><a href=\"https:\/\/mcu.org.ua\/\">Ukrainian Medical Council<\/a><\/li>\n<li><a href=\"http:\/\/hpcukraine.org\/en\/index.html\">Ukrainian Professional Council of Public Health Services<\/a><\/li>\n<\/ul>\n<p><strong>F\u0130L\u0130P\u0130NLER<\/strong><\/p>\n<div id=\"fws_618ce1e91e881\" class=\"wpb_row vc_row-fluid vc_row inner_row \" data-midnight=\"\" data-column-margin=\"default\">\n<div class=\"row_col_wrap_12_inner col span_12 left\">\n<div class=\"vc_col-sm-12 wpb_column column_container vc_column_container col child_column no-extra-padding inherit_tablet inherit_phone \" data-padding-pos=\"all\" data-has-bg-color=\"false\" data-bg-color=\"\" data-bg-opacity=\"1\" data-animation=\"\" data-delay=\"0\">\n<div class=\"vc_column-inner\">\n<div class=\"wpb_wrapper\">\n<div class=\"wpb_text_column wpb_content_element light-blue\">\n<div class=\"wpb_wrapper\">\n<h5>OET on paper only<\/h5>\n<\/div>\n<\/div>\n<\/div>\n<\/div>\n<\/div>\n<\/div>\n<\/div>\n<div id=\"fws_618ce1e91ec5b\" class=\"wpb_row vc_row-fluid vc_row inner_row \" data-midnight=\"\" data-column-margin=\"default\">\n<div class=\"row_col_wrap_12_inner col span_12 left\">\n<div class=\"vc_col-sm-12 wpb_column column_container vc_column_container col child_column no-extra-padding inherit_tablet inherit_phone \" data-padding-pos=\"all\" data-has-bg-color=\"false\" data-bg-color=\"\" data-bg-opacity=\"1\" data-animation=\"\" data-delay=\"0\">\n<div class=\"vc_column-inner\">\n<div class=\"wpb_wrapper\">\n<div class=\"wpb_text_column wpb_content_element \">\n<div class=\"wpb_wrapper\">\n<h4><strong>Universities and Education<\/strong><\/h4>\n<\/div>\n<\/div>\n<\/div>\n<\/div>\n<\/div>\n<\/div>\n<\/div>\n<div id=\"fws_618ce1e91ee11\" class=\"wpb_row vc_row-fluid vc_row inner_row \" data-midnight=\"\" data-column-margin=\"default\">\n<div class=\"row_col_wrap_12_inner col span_12 left\">\n<div class=\"vc_col-sm-4 wpb_column column_container vc_column_container col child_column no-extra-padding inherit_tablet inherit_phone \" data-padding-pos=\"all\" data-has-bg-color=\"false\" data-bg-color=\"\" data-bg-opacity=\"1\" data-animation=\"\" data-delay=\"0\">\n<div class=\"vc_column-inner\">\n<div class=\"wpb_wrapper\">\n<div class=\"wpb_text_column wpb_content_element \">\n<div class=\"wpb_wrapper\">\n<ul>\n<li><a href=\"https:\/\/www.addu.edu.ph\/\">Ateneo de Davao University<\/a><\/li>\n<li><a href=\"http:\/\/jrmsu.edu.ph\/\">Jose Rizal Memorial State University<\/a><\/li>\n<li><a href=\"https:\/\/lpulaguna.edu.ph\/\">Lyceum of the Philippines University \u2013 Laguna<\/a><\/li>\n<li><a href=\"https:\/\/www.facebook.com\/ATSLearningCenter\/?ref=settings\">ATS Learning Center<\/a><\/li>\n<\/ul>\n<div id=\"fws_618ce1e91fc45\" class=\"wpb_row vc_row-fluid vc_row inner_row \" data-midnight=\"\" data-column-margin=\"default\">\n<div class=\"row_col_wrap_12_inner col span_12 left\">\n<div class=\"vc_col-sm-4 wpb_column column_container vc_column_container col child_column no-extra-padding inherit_tablet inherit_phone \" data-padding-pos=\"all\" data-has-bg-color=\"false\" data-bg-color=\"\" data-bg-opacity=\"1\" data-animation=\"\" data-delay=\"0\">\n<div class=\"vc_column-inner\">\n<div class=\"wpb_wrapper\">\n<div class=\"wpb_text_column wpb_content_element \">\n<div id=\"fws_618ce1e9214cc\" class=\"wpb_row vc_row-fluid vc_row inner_row \" data-midnight=\"\" data-column-margin=\"default\">\n<div class=\"row_col_wrap_12_inner col span_12 left\">\n<div class=\"vc_col-sm-4 wpb_column column_container vc_column_container col child_column no-extra-padding inherit_tablet inherit_phone \" data-padding-pos=\"all\" data-has-bg-color=\"false\" data-bg-color=\"\" data-bg-opacity=\"1\" data-animation=\"\" data-delay=\"0\">\n<div class=\"vc_column-inner\">\n<div class=\"wpb_wrapper\">\n<div class=\"wpb_text_column wpb_content_element \">\n<div class=\"wpb_wrapper\"><\/div>\n<\/div>\n<\/div>\n<\/div>\n<\/div>\n<\/div>\n<\/div>\n<\/div>\n<\/div>\n<\/div>\n<\/div>\n<\/div>\n<\/div>\n<\/div>\n<\/div>\n<\/div>\n<\/div>\n<\/div>\n<\/div>\n<\/div>\n<p>[\/vc_column_text][\/vc_column][\/vc_row]<\/p>\n<\/div>","protected":false},"excerpt":{"rendered":"<p>[vc_row][vc_column][vc_column_text]ARTIK AMER\u0130KA&#8217;DA DA GE\u00c7ERL\u0130 OET, \u0130ngiltere, Amerika, \u0130rlanda, Avustralya, Yeni Zelanda, Dubai, Namibya ve Singapur, Kanada, \u0130spanya, Maldivler, Malta, Ukrayna, Birle\u015fik Arap Emirlikleri, Filipinler ve Katar\u2019da \u0130ngilizce yeterlili\u011finin kan\u0131t\u0131 olarak kabul edilen ve tercih edilen bir s\u0131nav sistemidir. Bu \u00fclkelerdeki sa\u011fl\u0131k kurullar\u0131 ve konseyleri taraf\u0131ndan tan\u0131nmakta ve g\u00fcvenilmektedir. INGILTERE General Medical Council King\u2019s College London [&hellip;]<\/p>\n","protected":false},"author":5,"featured_media":0,"parent":0,"menu_order":0,"comment_status":"closed","ping_status":"closed","template":"","meta":{"footnotes":""},"class_list":["post-10976","page","type-page","status-publish","hentry"],"aioseo_notices":[],"_links":{"self":[{"href":"https:\/\/studyinuk-turkey.com\/oet-turkey\/wp-json\/wp\/v2\/pages\/10976","targetHints":{"allow":["GET"]}}],"collection":[{"href":"https:\/\/studyinuk-turkey.com\/oet-turkey\/wp-json\/wp\/v2\/pages"}],"about":[{"href":"https:\/\/studyinuk-turkey.com\/oet-turkey\/wp-json\/wp\/v2\/types\/page"}],"author":[{"embeddable":true,"href":"https:\/\/studyinuk-turkey.com\/oet-turkey\/wp-json\/wp\/v2\/users\/5"}],"replies":[{"embeddable":true,"href":"https:\/\/studyinuk-turkey.com\/oet-turkey\/wp-json\/wp\/v2\/comments?post=10976"}],"version-history":[{"count":6,"href":"https:\/\/studyinuk-turkey.com\/oet-turkey\/wp-json\/wp\/v2\/pages\/10976\/revisions"}],"predecessor-version":[{"id":12155,"href":"https:\/\/studyinuk-turkey.com\/oet-turkey\/wp-json\/wp\/v2\/pages\/10976\/revisions\/12155"}],"wp:attachment":[{"href":"https:\/\/studyinuk-turkey.com\/oet-turkey\/wp-json\/wp\/v2\/media?parent=10976"}],"curies":[{"name":"wp","href":"https:\/\/api.w.org\/{rel}","templated":true}]}}