{"id":11460,"date":"2020-03-10T13:49:44","date_gmt":"2020-03-10T10:49:44","guid":{"rendered":"https:\/\/www.studyinuk-turkey.com\/oet-turkey\/oet-grup-dersleri-clone\/"},"modified":"2022-11-28T13:20:49","modified_gmt":"2022-11-28T10:20:49","slug":"oet-deneme-sinavlari","status":"publish","type":"page","link":"https:\/\/studyinuk-turkey.com\/oet-turkey\/oet-deneme-sinavlari\/","title":{"rendered":"OET \u00d6zel Dersler ve Deneme S\u0131navlar\u0131"},"content":{"rendered":"","protected":false},"excerpt":{"rendered":"","protected":false},"author":5,"featured_media":0,"parent":0,"menu_order":0,"comment_status":"closed","ping_status":"closed","template":"","meta":{"footnotes":""},"class_list":["post-11460","page","type-page","status-publish","hentry"],"aioseo_notices":[],"_links":{"self":[{"href":"https:\/\/studyinuk-turkey.com\/oet-turkey\/wp-json\/wp\/v2\/pages\/11460","targetHints":{"allow":["GET"]}}],"collection":[{"href":"https:\/\/studyinuk-turkey.com\/oet-turkey\/wp-json\/wp\/v2\/pages"}],"about":[{"href":"https:\/\/studyinuk-turkey.com\/oet-turkey\/wp-json\/wp\/v2\/types\/page"}],"author":[{"embeddable":true,"href":"https:\/\/studyinuk-turkey.com\/oet-turkey\/wp-json\/wp\/v2\/users\/5"}],"replies":[{"embeddable":true,"href":"https:\/\/studyinuk-turkey.com\/oet-turkey\/wp-json\/wp\/v2\/comments?post=11460"}],"version-history":[{"count":5,"href":"https:\/\/studyinuk-turkey.com\/oet-turkey\/wp-json\/wp\/v2\/pages\/11460\/revisions"}],"predecessor-version":[{"id":11980,"href":"https:\/\/studyinuk-turkey.com\/oet-turkey\/wp-json\/wp\/v2\/pages\/11460\/revisions\/11980"}],"wp:attachment":[{"href":"https:\/\/studyinuk-turkey.com\/oet-turkey\/wp-json\/wp\/v2\/media?parent=11460"}],"curies":[{"name":"wp","href":"https:\/\/api.w.org\/{rel}","templated":true}]}}