{"id":11950,"date":"2022-11-23T12:27:07","date_gmt":"2022-11-23T09:27:07","guid":{"rendered":"https:\/\/www.studyinuk-turkey.com\/oet-turkey\/?page_id=11950"},"modified":"2022-11-23T12:27:07","modified_gmt":"2022-11-23T09:27:07","slug":"acik-riza-metni","status":"publish","type":"page","link":"https:\/\/studyinuk-turkey.com\/oet-turkey\/acik-riza-metni\/","title":{"rendered":"A\u00e7\u0131k R\u0131za Metni"},"content":{"rendered":"<div class=\"wpb-content-wrapper\"><p>[vc_row][vc_column][vc_column_text]<\/p>\n<h3>A\u00e7\u0131k R\u0131za Metni<\/h3>\n<p>[\/vc_column_text][vc_column_text]<strong>SI UK E\u011e\u0130T\u0130M TUR\u0130ZM PAZ. SAN. VE T\u0130C. LTD.\u015eT\u0130. A\u00c7IK RIZA METN\u0130<br \/>\n<\/strong><br \/>\n<strong>Ki\u015fisel Verilerin Korunmas\u0131 Kanunu Kapsam\u0131nda Bilgilendirme<br \/>\n<\/strong><br \/>\nAmac\u0131m\u0131z, SI UK E\u011e\u0130T\u0130M TUR\u0130ZM PAZ. SAN. VE T\u0130C. LTD.\u015eT\u0130. (Study in UK \u2013 Turkey) taraf\u0131ndan Ki\u015fisel Verilerin Korunmas\u0131 Kanunu\u2018na uygun olarak y\u00fcr\u00fct\u00fclen ki\u015fisel veri i\u015fleme faaliyetleri ve ki\u015fisel verilerin korunmas\u0131na y\u00f6nelik olarak benimsenen ilkeler konusunda a\u00e7\u0131klamalarda bulunulmas\u0131 ve bu kapsamda \u00f6\u011frenci adaylar\u0131, acenteler, okullar, \u00fcniversite ve e\u011fitim kurumlar\u0131, sigorta ve u\u00e7ak bileti \u015firketleri, i\u015fbirli\u011fi i\u00e7inde oldu\u011fumuz kurum ve \u00e7al\u0131\u015fanlar\u0131, m\u00fc\u015fteriler ve hak sahibi \u00fc\u00e7\u00fcnc\u00fc ki\u015filer ba\u015fta olmak \u00fczere ki\u015fisel verileri \u015firketimiz taraf\u0131ndan i\u015flenen ki\u015filerin bilgilendirilerek \u015feffafl\u0131\u011f\u0131n sa\u011flanmas\u0131d\u0131r.<\/p>\n<p>6698 say\u0131l\u0131 Ki\u015fisel Verilerin Korunmas\u0131 Kanunu ile ilgili kanun uyar\u0131nca ki\u015fisel verileri taraf\u0131m\u0131zca i\u015flenen ki\u015filer kendileri ile ilgili olarak SI UK E\u011e\u0130T\u0130M TUR\u0130ZM PAZ. SAN. VE T\u0130C. LTD.\u015eT\u0130.(Study in UK \u2013 Turkey) taraf\u0131ndan i\u015flenen bilgiler hakk\u0131nda bilgi talep edebilir, bu bilgilerin ne ama\u00e7la topland\u0131\u011f\u0131, ne \u015fekilde kullan\u0131ld\u0131\u011f\u0131 ve yurt i\u00e7inde veya yurt d\u0131\u015f\u0131nda ki\u015fisel verilerinizin aktar\u0131ld\u0131\u011f\u0131 \u00fc\u00e7\u00fcnc\u00fc ki\u015fileri \u00f6\u011frenebilir, bu bilgilerin eksik veya yanl\u0131\u015f i\u015flenmi\u015f olmas\u0131 h\u00e2linde d\u00fczeltilmesini veya g\u00fcncellenmesini isteyebilir ve i\u015flenmesini gerektiren sebeplerin ortadan kalkm\u0131\u015f olmas\u0131 halinde aktar\u0131m yap\u0131lan \u00fc\u00e7\u00fcnc\u00fc ki\u015filere yap\u0131lacak bildirimleri de kapsayacak \u015fekilde silinmesini talep edebilir.<\/p>\n<p>Study in UK ki\u015fisel verileri ve \u00f6zel nitelikli ki\u015fisel verileri i\u015fleme faaliyetlerini 6698 say\u0131l\u0131 Ki\u015fisel Verilerin Korunmas\u0131 Kanunu\u2019nun s\u0131ras\u0131yla 5. ve 6. maddelerinde ortaya konulan veri i\u015fleme \u015fartlar\u0131na uygun olarak y\u00fcr\u00fctmektedir.<\/p>\n<p>6698 say\u0131l\u0131 Ki\u015fisel Verilerin Korunmas\u0131 Kanunu ki\u015fisel veri sahiplerine kendisiyle ilgili ki\u015fisel veriler hakk\u0131nda bilgilendirilme, bu verilere eri\u015fme, ama\u00e7lar\u0131 do\u011frultusunda kullan\u0131l\u0131p kullan\u0131lmad\u0131\u011f\u0131n\u0131 \u00f6\u011frenme ve bunlar\u0131n d\u00fczeltilmesini veya silinmesini talep etme gibi bir tak\u0131m taleplerde bulunma hakk\u0131 tan\u0131m\u0131\u015ft\u0131r. 6698 say\u0131l\u0131 Ki\u015fisel Verilerin Korunmas\u0131 Kanunu 13\u2019\u00fcnc\u00fc maddesinin birinci f\u0131kras\u0131 uyar\u0131nca; veri sorumlusu olan Study in UK &#8211; Turkey, bu haklara ili\u015fkin olarak yap\u0131lacak ba\u015fvurular\u0131n yaz\u0131l\u0131 olarak belirlenen y\u00f6ntemlerle iletilmesi gerekmektedir.<\/p>\n<p>&#8211; Ba\u015fvuru sahibinin \u015fahsen ba\u015fvurusu ile \u201cyaz\u0131l\u0131\u201d olarak SI UK E\u011e\u0130T\u0130M TUR\u0130ZM PAZ. SAN. VE T\u0130C. LTD.\u015eT\u0130. (Study in UK \u2013 Turkey) yap\u0131lacak ba\u015fvurular<\/p>\n<p>&#8211; Ba\u015fvuru sahibinin imzal\u0131 dilek\u00e7esi Bahariye cad. K\u0131rtasiyeci Sok. No.17 Kadik\u00f6y\/\u0130stanbul adresine g\u00f6nderilecek ba\u015fvurular ile taraf\u0131m\u0131za iletilebilecektir.<\/p>\n<p>\u015eirketimiz, ilgili veri sahibinden ilave bilgi talep edebilir ve ki\u015fisel veri sahibinin ba\u015fvurusunda yer alan hususlar\u0131 netle\u015ftirmek ad\u0131na, ki\u015fisel veri sahibine ba\u015fvurusu ile ilgili sorular y\u00f6neltebilir.<\/p>\n<p><u>Ki\u015fisel Verilerin Aktar\u0131ld\u0131\u011f\u0131 \u00dc\u00e7\u00fcnc\u00fc Ki\u015filer ve Aktar\u0131m Ama\u00e7lar\u0131<\/u><\/p>\n<p>Ki\u015fisel veri aktar\u0131mlar\u0131nda uygulanacak usul ve esaslar 6698 say\u0131l\u0131 Ki\u015fisel Verilerin Korunmas\u0131 Kanunu\u2019nun 8. ve 9. maddelerinde d\u00fczenlenmi\u015ftir. SI UK E\u011e\u0130T\u0130M TUR\u0130ZM PAZ. SAN. VE T\u0130C. LTD.\u015eT\u0130. (Study in UK \u2013 Turkey) \u2018in sunmu\u015f oldu\u011fu hizmetlerin yerine getirilmesi amac\u0131yla, ki\u015fisel veriler kanun h\u00fck\u00fcmleri \u00e7er\u00e7evesinde i\u015flenmekte, u\u00e7ak bileti, e\u011fitim ve seyahat sa\u011fl\u0131k sigortas\u0131 gibi hizmet ald\u0131\u011f\u0131 \u00fc\u00e7\u00fcnc\u00fc ki\u015filer ve \u015firketler, \u00f6\u011frencilerin talepleri do\u011frultusunda ba\u015fvuru yap\u0131lan okullar, online okul ba\u015fvuru platformlar\u0131, \u00fclkelerin vize ba\u015fvuru platformlar\u0131 ve onlar\u0131n i\u015f ortaklar\u0131, i\u015f ortaklar\u0131m\u0131z ve di\u011fer \u00fc\u00e7\u00fcnc\u00fc ki\u015filerle payla\u015f\u0131labilmektedir.<\/p>\n<p>Onay\u0131n\u0131z dahilinde SI UK E\u011e\u0130T\u0130M TUR\u0130ZM PAZ. SAN. VE T\u0130C. LTD.\u015eT\u0130. (Study in UK \u2013 Turkey) kendi alt markalar\u0131 i\u00e7erisinde sizleri bilgilendirici mail ve reklam \u00e7al\u0131\u015fmas\u0131 yapmaktad\u0131r.<\/p>\n<p>SI UK E\u011e\u0130T\u0130M TUR\u0130ZM PAZ. SAN. VE T\u0130C. LTD.\u015eT\u0130. (Study in UK \u2013 Turkey) alt markalar\u0131 dahilinde bilgilendirmelerden haberdar olmak;<\/p>\n<ul>\n<li>Yurtd\u0131\u015f\u0131nda E\u011fitim ve Vize Hizmetleri,<\/li>\n<li>IELTS S\u0131nav\u0131 E\u011fitim ve Haz\u0131rl\u0131k<\/li>\n<li>OET S\u0131nav\u0131 E\u011fitim ve Haz\u0131rl\u0131k<\/li>\n<li>Cambridge English Exams E\u011fitim ve Haz\u0131rl\u0131k<\/li>\n<\/ul>\n<p>Ki\u015fisel verilerin, KVK Kanunu\u2019nda belirtilen istisna haller hari\u00e7 olmak \u00fczere ki\u015fisel veri sahibinin a\u00e7\u0131k r\u0131zas\u0131 olmaks\u0131z\u0131n aktar\u0131lmas\u0131 m\u00fcmk\u00fcn de\u011fildir. Ki\u015fisel verilerin \u00fc\u00e7\u00fcnc\u00fc ki\u015filere aktar\u0131m\u0131na ili\u015fkin detaylar \u201cVeri Aktar\u0131m\u0131 ve Payla\u015f\u0131m\u0131 Prosed\u00fcr\u00fcnde\u201d yer almaktad\u0131r.<\/p>\n<p><u>Ki\u015fisel Verilerin Yurt \u0130\u00e7inde Aktar\u0131m\u0131<\/u><\/p>\n<p>6698 say\u0131l\u0131 Ki\u015fisel Verilerin Korunmas\u0131 Kanunu\u2019nun 8. maddesine uygun olarak, ki\u015fisel verilerin yurt i\u00e7inde aktar\u0131m\u0131 i\u015fbu Politika\u2019n\u0131n \u201cKi\u015fisel Verilerin \u0130\u015flenme \u015eartlar\u0131\u201d ba\u015fl\u0131kl\u0131 6.1. b\u00f6l\u00fcm\u00fcnde belirtilen ko\u015fullardan birinin sa\u011flanm\u0131\u015f olmas\u0131 kayd\u0131yla m\u00fcmk\u00fcnd\u00fcr. Ki\u015fisel verilerin yurt i\u00e7inde aktar\u0131m\u0131na ili\u015fkin detaylar \u201cVeri Aktar\u0131m\u0131 ve Payla\u015f\u0131m\u0131 Prosed\u00fcr\u00fc\u201dnde yer almaktad\u0131r.<\/p>\n<p><u>Ki\u015fisel Verilerin Yurt D\u0131\u015f\u0131na Aktar\u0131m\u0131<\/u><\/p>\n<p>6698 say\u0131l\u0131 Ki\u015fisel Verilerin Korunmas\u0131 Kanunu\u2019nun 9. maddesine uygun olarak, ki\u015fisel verilerin yurt d\u0131\u015f\u0131na aktar\u0131lmas\u0131 halinde, yurt i\u00e7i aktar\u0131mlar\u0131na ili\u015fkin ko\u015fullar\u0131n sa\u011flanm\u0131\u015f olmas\u0131n\u0131n yan\u0131 \u015f\u0131ra a\u015fa\u011f\u0131daki hususlardan birinin varl\u0131\u011f\u0131 aranmaktad\u0131r:<br \/>\n&#8211; Aktar\u0131m yap\u0131lacak \u00fclkenin KVK Kurulu taraf\u0131ndan ilan edilen yeterli korumaya sahip \u00fclkeler aras\u0131nda say\u0131lmas\u0131<br \/>\n&#8211; Aktar\u0131m yap\u0131lacak \u00fclkede yeterli koruman\u0131n bulunmamas\u0131 halinde, T\u00fcrkiye\u2019deki ve ilgili yabanc\u0131 \u00fclkedeki veri sorumlular\u0131n\u0131n yeterli bir korumay\u0131 yaz\u0131l\u0131 olarak taahh\u00fct etmeleri ve KVK Kurulu\u2019nun buna y\u00f6nelik izninin bulunmas\u0131 Ki\u015fisel verilerin yurt d\u0131\u015f\u0131na aktar\u0131m\u0131na ili\u015fkin detaylar \u201cVeri Aktar\u0131m\u0131 ve Payla\u015f\u0131m\u0131 Prosed\u00fcr\u00fc\u201dnde yer almaktad\u0131r.<\/p>\n<p><u>Ki\u015fisel Veriler ve \u0130nternet Sitemiz<\/u><\/p>\n<p>SI UK E\u011e\u0130T\u0130M TUR\u0130ZM PAZ. SAN. VE T\u0130C. LTD.\u015eT\u0130. (Study in UK \u2013 Turkey)\u2019e ait internet sitesini ziyaret eden ki\u015filerin site i\u00e7erisindeki internet hareketleri, kendilerine \u00f6zelle\u015ftirilmi\u015f i\u00e7erikler g\u00f6sterilebilmesi ve \u00e7evrimi\u00e7i reklamc\u0131l\u0131k faaliyetlerinde bulunulabilmesi i\u00e7in (teknik vas\u0131talar ile \u00f6rne\u011fin cookie) kaydedilmektedir. \u015eirketimizin bu faaliyetleri ile ilgili detayl\u0131 a\u00e7\u0131klamalar internet sitemizde Gizlilik Politikalar\u0131 metinleri i\u00e7erisinde yer almaktad\u0131r.<\/p>\n<p><u>Ki\u015fisel Veriler ve Ofislerimiz<\/u><\/p>\n<p>T\u00fcm \u015firket ofislerimizi ziyaret eden misafirlerimizin giri\u015f \u00e7\u0131k\u0131\u015flar\u0131n\u0131n takibine y\u00f6nelik ki\u015fisel veri i\u015fleme faaliyeti ger\u00e7ekle\u015ftirilmektedir. Ofislerimizde bulunan g\u00fcvenlik kameras\u0131 ile gelen ki\u015filerin g\u00f6r\u00fcnt\u00fc verileri ve ad-soyad bilgileri ayr\u0131ca giri\u015f \u00e7\u0131k\u0131\u015flar\u0131n\u0131n takibinin yap\u0131lmas\u0131 amac\u0131yla i\u015flenmekte ve ilgili ki\u015fisel veriler fiziki ve elektronik ortamda kay\u0131t sistemine kaydedilmektedir.[\/vc_column_text][\/vc_column][\/vc_row]<\/p>\n<\/div>","protected":false},"excerpt":{"rendered":"<p>[vc_row][vc_column][vc_column_text] A\u00e7\u0131k R\u0131za Metni [\/vc_column_text][vc_column_text]SI UK E\u011e\u0130T\u0130M TUR\u0130ZM PAZ. SAN. VE T\u0130C. LTD.\u015eT\u0130. A\u00c7IK RIZA METN\u0130 Ki\u015fisel Verilerin Korunmas\u0131 Kanunu Kapsam\u0131nda Bilgilendirme Amac\u0131m\u0131z, SI UK E\u011e\u0130T\u0130M TUR\u0130ZM PAZ. SAN. VE T\u0130C. LTD.\u015eT\u0130. (Study in UK \u2013 Turkey) taraf\u0131ndan Ki\u015fisel Verilerin Korunmas\u0131 Kanunu\u2018na uygun olarak y\u00fcr\u00fct\u00fclen ki\u015fisel veri i\u015fleme faaliyetleri ve ki\u015fisel verilerin korunmas\u0131na y\u00f6nelik olarak [&hellip;]<\/p>\n","protected":false},"author":5,"featured_media":0,"parent":0,"menu_order":0,"comment_status":"closed","ping_status":"closed","template":"","meta":{"footnotes":""},"class_list":["post-11950","page","type-page","status-publish","hentry"],"aioseo_notices":[],"_links":{"self":[{"href":"https:\/\/studyinuk-turkey.com\/oet-turkey\/wp-json\/wp\/v2\/pages\/11950","targetHints":{"allow":["GET"]}}],"collection":[{"href":"https:\/\/studyinuk-turkey.com\/oet-turkey\/wp-json\/wp\/v2\/pages"}],"about":[{"href":"https:\/\/studyinuk-turkey.com\/oet-turkey\/wp-json\/wp\/v2\/types\/page"}],"author":[{"embeddable":true,"href":"https:\/\/studyinuk-turkey.com\/oet-turkey\/wp-json\/wp\/v2\/users\/5"}],"replies":[{"embeddable":true,"href":"https:\/\/studyinuk-turkey.com\/oet-turkey\/wp-json\/wp\/v2\/comments?post=11950"}],"version-history":[{"count":1,"href":"https:\/\/studyinuk-turkey.com\/oet-turkey\/wp-json\/wp\/v2\/pages\/11950\/revisions"}],"predecessor-version":[{"id":11951,"href":"https:\/\/studyinuk-turkey.com\/oet-turkey\/wp-json\/wp\/v2\/pages\/11950\/revisions\/11951"}],"wp:attachment":[{"href":"https:\/\/studyinuk-turkey.com\/oet-turkey\/wp-json\/wp\/v2\/media?parent=11950"}],"curies":[{"name":"wp","href":"https:\/\/api.w.org\/{rel}","templated":true}]}}